{"id":417,"date":"2019-12-13T18:01:00","date_gmt":"2019-12-13T17:01:00","guid":{"rendered":"http:\/\/gdiel.com\/?page_id=417"},"modified":"2025-01-15T10:04:52","modified_gmt":"2025-01-15T09:04:52","slug":"landschaft","status":"publish","type":"page","link":"http:\/\/gdiel.com\/?page_id=417","title":{"rendered":"Landschaft"},"content":{"rendered":"<style>.kb-row-layout-id417_a52d03-30 > .kt-row-column-wrap{align-content:start;}:where(.kb-row-layout-id417_a52d03-30 > .kt-row-column-wrap) > .wp-block-kadence-column{justify-content:start;}.kb-row-layout-id417_a52d03-30 > .kt-row-column-wrap{column-gap:var(--global-kb-gap-md, 2rem);row-gap:var(--global-kb-gap-none, 0rem );max-width:1475px;margin-left:auto;margin-right:auto;padding-top:var(--global-kb-spacing-xl, 4rem);padding-right:var(--global-kb-spacing-sm, 1.5rem);padding-bottom:var(--global-kb-spacing-xl, 4rem);padding-left:var(--global-kb-spacing-sm, 1.5rem);grid-template-columns:repeat(2, minmax(0, 1fr));}.kb-row-layout-id417_a52d03-30{background-color:var(--global-palette8, #F7FAFC);}.kb-row-layout-id417_a52d03-30 > .kt-row-layout-overlay{opacity:0.30;}@media all and (max-width: 1024px){.kb-row-layout-id417_a52d03-30 > .kt-row-column-wrap{grid-template-columns:repeat(2, minmax(0, 1fr));}}@media all and (max-width: 767px){.kb-row-layout-id417_a52d03-30 > .kt-row-column-wrap{padding-bottom:0px;grid-template-columns:minmax(0, 1fr);}}<\/style><div class=\"kb-row-layout-wrap kb-row-layout-id417_a52d03-30 alignnone has-theme-palette8-background-color kt-row-has-bg wp-block-kadence-rowlayout\"><div class=\"kt-row-column-wrap kt-has-2-columns kt-row-layout-equal kt-tab-layout-inherit kt-mobile-layout-row kt-row-valign-top\">\n<style>.kadence-column417_264723-cf > .kt-inside-inner-col,.kadence-column417_264723-cf > .kt-inside-inner-col:before{border-top-left-radius:0px;border-top-right-radius:0px;border-bottom-right-radius:0px;border-bottom-left-radius:0px;}.kadence-column417_264723-cf > .kt-inside-inner-col{column-gap:var(--global-kb-gap-sm, 1rem);}.kadence-column417_264723-cf > .kt-inside-inner-col{flex-direction:column;}.kadence-column417_264723-cf > .kt-inside-inner-col > .aligncenter{width:100%;}.kadence-column417_264723-cf > .kt-inside-inner-col:before{opacity:0.3;}.kadence-column417_264723-cf{position:relative;}@media all and (max-width: 1024px){.kadence-column417_264723-cf > .kt-inside-inner-col{flex-direction:column;justify-content:center;}}@media all and (max-width: 767px){.kadence-column417_264723-cf > .kt-inside-inner-col{flex-direction:column;justify-content:center;}}<\/style>\n<div class=\"wp-block-kadence-column kadence-column417_264723-cf\"><div class=\"kt-inside-inner-col\">\n<figure class=\"wp-block-image size-full\"><a href=\"http:\/\/gdiel.com\/?page_id=556\"><img loading=\"lazy\" decoding=\"async\" width=\"1600\" height=\"1067\" data-attachment-id=\"544\" data-permalink=\"http:\/\/gdiel.com\/?attachment_id=544\" data-orig-file=\"http:\/\/gdiel.com\/wp-content\/uploads\/2019\/12\/2013-August-25-Namibia-2130-2-modi1600x1067-LR.jpg\" data-orig-size=\"1600,1067\" data-comments-opened=\"0\" data-image-meta=\"{&quot;aperture&quot;:&quot;14&quot;,&quot;credit&quot;:&quot;Guenter Diel&quot;,&quot;camera&quot;:&quot;Canon EOS 5D Mark II&quot;,&quot;caption&quot;:&quot;&quot;,&quot;created_timestamp&quot;:&quot;1377426504&quot;,&quot;copyright&quot;:&quot;Guenter Diel&quot;,&quot;focal_length&quot;:&quot;50&quot;,&quot;iso&quot;:&quot;200&quot;,&quot;shutter_speed&quot;:&quot;0.004&quot;,&quot;title&quot;:&quot;&quot;,&quot;orientation&quot;:&quot;1&quot;}\" data-image-title=\"Sossusvlei, Namibia 2013\" data-image-description=\"&lt;p&gt;Sossusvlei, Namibia 2013&lt;\/p&gt;\n\" data-image-caption=\"&lt;p&gt;Sossusvlei, Namibia 2013&lt;\/p&gt;\n\" data-large-file=\"http:\/\/gdiel.com\/wp-content\/uploads\/2019\/12\/2013-August-25-Namibia-2130-2-modi1600x1067-LR.jpg\" src=\"http:\/\/gdiel.com\/wp-content\/uploads\/2019\/12\/2013-August-25-Namibia-2130-2-modi1600x1067-LR.jpg\" alt=\"W\u00fcste\" class=\"wp-image-544\" title=\"W\u00fcste\" srcset=\"http:\/\/gdiel.com\/wp-content\/uploads\/2019\/12\/2013-August-25-Namibia-2130-2-modi1600x1067-LR.jpg 1600w, http:\/\/gdiel.com\/wp-content\/uploads\/2019\/12\/2013-August-25-Namibia-2130-2-modi1600x1067-LR-300x200.jpg 300w, http:\/\/gdiel.com\/wp-content\/uploads\/2019\/12\/2013-August-25-Namibia-2130-2-modi1600x1067-LR-768x512.jpg 768w, http:\/\/gdiel.com\/wp-content\/uploads\/2019\/12\/2013-August-25-Namibia-2130-2-modi1600x1067-LR-1536x1024.jpg 1536w, http:\/\/gdiel.com\/wp-content\/uploads\/2019\/12\/2013-August-25-Namibia-2130-2-modi1600x1067-LR-600x400.jpg 600w\" sizes=\"auto, (max-width: 1600px) 100vw, 1600px\" \/><\/a><\/figure>\n\n\n\n<p class=\"has-medium-font-size\">W\u00fcste<\/p>\n<\/div><\/div>\n\n\n<style>.kadence-column417_8ca301-67 > .kt-inside-inner-col,.kadence-column417_8ca301-67 > .kt-inside-inner-col:before{border-top-left-radius:0px;border-top-right-radius:0px;border-bottom-right-radius:0px;border-bottom-left-radius:0px;}.kadence-column417_8ca301-67 > .kt-inside-inner-col{column-gap:var(--global-kb-gap-sm, 1rem);}.kadence-column417_8ca301-67 > .kt-inside-inner-col{flex-direction:column;}.kadence-column417_8ca301-67 > .kt-inside-inner-col > .aligncenter{width:100%;}.kadence-column417_8ca301-67 > .kt-inside-inner-col:before{opacity:0.3;}.kadence-column417_8ca301-67{position:relative;}@media all and (max-width: 1024px){.kadence-column417_8ca301-67 > .kt-inside-inner-col{flex-direction:column;justify-content:center;}}@media all and (max-width: 767px){.kadence-column417_8ca301-67 > .kt-inside-inner-col{flex-direction:column;justify-content:center;}}<\/style>\n<div class=\"wp-block-kadence-column kadence-column417_8ca301-67\"><div class=\"kt-inside-inner-col\">\n<figure class=\"wp-block-image size-full\"><a href=\"http:\/\/gdiel.com\/?page_id=698\"><img loading=\"lazy\" decoding=\"async\" width=\"1600\" height=\"1067\" data-attachment-id=\"553\" data-permalink=\"http:\/\/gdiel.com\/?attachment_id=553\" data-orig-file=\"http:\/\/gdiel.com\/wp-content\/uploads\/2019\/12\/2013-August-24-Namibia-1617-modi1600x1067-LR.jpg\" data-orig-size=\"1600,1067\" data-comments-opened=\"0\" data-image-meta=\"{&quot;aperture&quot;:&quot;14&quot;,&quot;credit&quot;:&quot;Guenter Diel&quot;,&quot;camera&quot;:&quot;Canon EOS 7D&quot;,&quot;caption&quot;:&quot;&quot;,&quot;created_timestamp&quot;:&quot;1377338091&quot;,&quot;copyright&quot;:&quot;Guenter Diel&quot;,&quot;focal_length&quot;:&quot;200&quot;,&quot;iso&quot;:&quot;200&quot;,&quot;shutter_speed&quot;:&quot;0.003125&quot;,&quot;title&quot;:&quot;&quot;,&quot;orientation&quot;:&quot;1&quot;}\" data-image-title=\"2013-August-24-Namibia-1617-modi(1600&amp;#215;1067)-LR\" data-image-description=\"\" data-image-caption=\"\" data-large-file=\"http:\/\/gdiel.com\/wp-content\/uploads\/2019\/12\/2013-August-24-Namibia-1617-modi1600x1067-LR.jpg\" src=\"http:\/\/gdiel.com\/wp-content\/uploads\/2019\/12\/2013-August-24-Namibia-1617-modi1600x1067-LR.jpg\" alt=\"\" class=\"wp-image-553\" srcset=\"http:\/\/gdiel.com\/wp-content\/uploads\/2019\/12\/2013-August-24-Namibia-1617-modi1600x1067-LR.jpg 1600w, http:\/\/gdiel.com\/wp-content\/uploads\/2019\/12\/2013-August-24-Namibia-1617-modi1600x1067-LR-300x200.jpg 300w, http:\/\/gdiel.com\/wp-content\/uploads\/2019\/12\/2013-August-24-Namibia-1617-modi1600x1067-LR-768x512.jpg 768w, http:\/\/gdiel.com\/wp-content\/uploads\/2019\/12\/2013-August-24-Namibia-1617-modi1600x1067-LR-1536x1024.jpg 1536w, http:\/\/gdiel.com\/wp-content\/uploads\/2019\/12\/2013-August-24-Namibia-1617-modi1600x1067-LR-600x400.jpg 600w\" sizes=\"auto, (max-width: 1600px) 100vw, 1600px\" \/><\/a><\/figure>\n\n\n\n<p class=\"has-medium-font-size\">Steppe<\/p>\n<\/div><\/div>\n\n\n<style>.kadence-column417_1389e0-bb > .kt-inside-inner-col,.kadence-column417_1389e0-bb > .kt-inside-inner-col:before{border-top-left-radius:0px;border-top-right-radius:0px;border-bottom-right-radius:0px;border-bottom-left-radius:0px;}.kadence-column417_1389e0-bb > .kt-inside-inner-col{column-gap:var(--global-kb-gap-sm, 1rem);}.kadence-column417_1389e0-bb > .kt-inside-inner-col{flex-direction:column;}.kadence-column417_1389e0-bb > .kt-inside-inner-col > .aligncenter{width:100%;}.kadence-column417_1389e0-bb > .kt-inside-inner-col:before{opacity:0.3;}.kadence-column417_1389e0-bb{position:relative;}@media all and (max-width: 1024px){.kadence-column417_1389e0-bb > .kt-inside-inner-col{flex-direction:column;justify-content:center;}}@media all and (max-width: 767px){.kadence-column417_1389e0-bb > .kt-inside-inner-col{flex-direction:column;justify-content:center;}}<\/style>\n<div class=\"wp-block-kadence-column kadence-column417_1389e0-bb\"><div class=\"kt-inside-inner-col\">\n<figure class=\"wp-block-image size-full\"><a href=\"http:\/\/gdiel.com\/?page_id=946\"><img loading=\"lazy\" decoding=\"async\" width=\"1599\" height=\"1067\" data-attachment-id=\"916\" data-permalink=\"http:\/\/gdiel.com\/?attachment_id=916\" data-orig-file=\"http:\/\/gdiel.com\/wp-content\/uploads\/2019\/12\/2019-M\u00e4rz-18-Myanmar-5878-modi1600x1067.jpg\" data-orig-size=\"1599,1067\" data-comments-opened=\"0\" data-image-meta=\"{&quot;aperture&quot;:&quot;9&quot;,&quot;credit&quot;:&quot;Guenter Diel&quot;,&quot;camera&quot;:&quot;ILCE-7RM2&quot;,&quot;caption&quot;:&quot;&quot;,&quot;created_timestamp&quot;:&quot;0&quot;,&quot;copyright&quot;:&quot;\\u00a9 Guenter Diel&quot;,&quot;focal_length&quot;:&quot;24&quot;,&quot;iso&quot;:&quot;100&quot;,&quot;shutter_speed&quot;:&quot;0.00125&quot;,&quot;title&quot;:&quot;&quot;,&quot;orientation&quot;:&quot;1&quot;}\" data-image-title=\"2019-M\u00e4rz-18-Myanmar-5878-modi(1600&amp;#215;1067)\" data-image-description=\"\" data-image-caption=\"\" data-large-file=\"http:\/\/gdiel.com\/wp-content\/uploads\/2019\/12\/2019-M\u00e4rz-18-Myanmar-5878-modi1600x1067.jpg\" src=\"http:\/\/gdiel.com\/wp-content\/uploads\/2019\/12\/2019-M\u00e4rz-18-Myanmar-5878-modi1600x1067.jpg\" alt=\"\" class=\"wp-image-916\" srcset=\"http:\/\/gdiel.com\/wp-content\/uploads\/2019\/12\/2019-M\u00e4rz-18-Myanmar-5878-modi1600x1067.jpg 1599w, http:\/\/gdiel.com\/wp-content\/uploads\/2019\/12\/2019-M\u00e4rz-18-Myanmar-5878-modi1600x1067-300x200.jpg 300w, http:\/\/gdiel.com\/wp-content\/uploads\/2019\/12\/2019-M\u00e4rz-18-Myanmar-5878-modi1600x1067-768x512.jpg 768w, http:\/\/gdiel.com\/wp-content\/uploads\/2019\/12\/2019-M\u00e4rz-18-Myanmar-5878-modi1600x1067-1536x1025.jpg 1536w, http:\/\/gdiel.com\/wp-content\/uploads\/2019\/12\/2019-M\u00e4rz-18-Myanmar-5878-modi1600x1067-600x400.jpg 600w\" sizes=\"auto, (max-width: 1599px) 100vw, 1599px\" \/><\/a><\/figure>\n\n\n\n<p class=\"has-medium-font-size\">Meer<\/p>\n<\/div><\/div>\n\n\n<style>.kadence-column417_d6761c-0b > .kt-inside-inner-col,.kadence-column417_d6761c-0b > .kt-inside-inner-col:before{border-top-left-radius:0px;border-top-right-radius:0px;border-bottom-right-radius:0px;border-bottom-left-radius:0px;}.kadence-column417_d6761c-0b > .kt-inside-inner-col{column-gap:var(--global-kb-gap-sm, 1rem);}.kadence-column417_d6761c-0b > .kt-inside-inner-col{flex-direction:column;}.kadence-column417_d6761c-0b > .kt-inside-inner-col > .aligncenter{width:100%;}.kadence-column417_d6761c-0b > .kt-inside-inner-col:before{opacity:0.3;}.kadence-column417_d6761c-0b{position:relative;}@media all and (max-width: 1024px){.kadence-column417_d6761c-0b > .kt-inside-inner-col{flex-direction:column;justify-content:center;}}@media all and (max-width: 767px){.kadence-column417_d6761c-0b > .kt-inside-inner-col{flex-direction:column;justify-content:center;}}<\/style>\n<div class=\"wp-block-kadence-column kadence-column417_d6761c-0b\"><div class=\"kt-inside-inner-col\">\n<figure class=\"wp-block-image size-full\"><a href=\"http:\/\/gdiel.com\/?page_id=1000\"><img loading=\"lazy\" decoding=\"async\" width=\"1600\" height=\"1067\" data-attachment-id=\"989\" data-permalink=\"http:\/\/gdiel.com\/?attachment_id=989\" data-orig-file=\"http:\/\/gdiel.com\/wp-content\/uploads\/2019\/12\/2016-August-17-Bolivien-0120-modi1600x1067-LR.jpg\" data-orig-size=\"1600,1067\" data-comments-opened=\"0\" data-image-meta=\"{&quot;aperture&quot;:&quot;11&quot;,&quot;credit&quot;:&quot;Guenter Diel&quot;,&quot;camera&quot;:&quot;Canon EOS 7D&quot;,&quot;caption&quot;:&quot;&quot;,&quot;created_timestamp&quot;:&quot;1471455947&quot;,&quot;copyright&quot;:&quot;Guenter Diel&quot;,&quot;focal_length&quot;:&quot;70&quot;,&quot;iso&quot;:&quot;200&quot;,&quot;shutter_speed&quot;:&quot;0.002&quot;,&quot;title&quot;:&quot;&quot;,&quot;orientation&quot;:&quot;1&quot;}\" data-image-title=\"2016-August-17-Bolivien-0120-modi(1600&amp;#215;1067)-LR\" data-image-description=\"\" data-image-caption=\"\" data-large-file=\"http:\/\/gdiel.com\/wp-content\/uploads\/2019\/12\/2016-August-17-Bolivien-0120-modi1600x1067-LR.jpg\" src=\"http:\/\/gdiel.com\/wp-content\/uploads\/2019\/12\/2016-August-17-Bolivien-0120-modi1600x1067-LR.jpg\" alt=\"\" class=\"wp-image-989\" srcset=\"http:\/\/gdiel.com\/wp-content\/uploads\/2019\/12\/2016-August-17-Bolivien-0120-modi1600x1067-LR.jpg 1600w, http:\/\/gdiel.com\/wp-content\/uploads\/2019\/12\/2016-August-17-Bolivien-0120-modi1600x1067-LR-300x200.jpg 300w, http:\/\/gdiel.com\/wp-content\/uploads\/2019\/12\/2016-August-17-Bolivien-0120-modi1600x1067-LR-768x512.jpg 768w, http:\/\/gdiel.com\/wp-content\/uploads\/2019\/12\/2016-August-17-Bolivien-0120-modi1600x1067-LR-1536x1024.jpg 1536w, http:\/\/gdiel.com\/wp-content\/uploads\/2019\/12\/2016-August-17-Bolivien-0120-modi1600x1067-LR-600x400.jpg 600w\" sizes=\"auto, (max-width: 1600px) 100vw, 1600px\" \/><\/a><\/figure>\n\n\n\n<p class=\"has-medium-font-size\">Seen<\/p>\n<\/div><\/div>\n\n\n<style>.kadence-column417_ff0f12-9c > .kt-inside-inner-col,.kadence-column417_ff0f12-9c > .kt-inside-inner-col:before{border-top-left-radius:0px;border-top-right-radius:0px;border-bottom-right-radius:0px;border-bottom-left-radius:0px;}.kadence-column417_ff0f12-9c > .kt-inside-inner-col{column-gap:var(--global-kb-gap-sm, 1rem);}.kadence-column417_ff0f12-9c > .kt-inside-inner-col{flex-direction:column;}.kadence-column417_ff0f12-9c > .kt-inside-inner-col > .aligncenter{width:100%;}.kadence-column417_ff0f12-9c > .kt-inside-inner-col:before{opacity:0.3;}.kadence-column417_ff0f12-9c{position:relative;}@media all and (max-width: 1024px){.kadence-column417_ff0f12-9c > .kt-inside-inner-col{flex-direction:column;justify-content:center;}}@media all and (max-width: 767px){.kadence-column417_ff0f12-9c > .kt-inside-inner-col{flex-direction:column;justify-content:center;}}<\/style>\n<div class=\"wp-block-kadence-column kadence-column417_ff0f12-9c\"><div class=\"kt-inside-inner-col\">\n<figure class=\"wp-block-image size-large\"><a href=\"http:\/\/gdiel.com\/?page_id=2217\"><img loading=\"lazy\" decoding=\"async\" width=\"1600\" height=\"1067\" data-attachment-id=\"986\" data-permalink=\"http:\/\/gdiel.com\/?attachment_id=986\" data-orig-file=\"http:\/\/gdiel.com\/wp-content\/uploads\/2019\/12\/2015-Oktober-19-Myanmar-0132-3-modi1800x1200-LR.jpg\" data-orig-size=\"1800,1200\" data-comments-opened=\"0\" data-image-meta=\"{&quot;aperture&quot;:&quot;7.1&quot;,&quot;credit&quot;:&quot;Guenter Diel&quot;,&quot;camera&quot;:&quot;Canon EOS 7D&quot;,&quot;caption&quot;:&quot;&quot;,&quot;created_timestamp&quot;:&quot;1445230485&quot;,&quot;copyright&quot;:&quot;Guenter Diel&quot;,&quot;focal_length&quot;:&quot;70&quot;,&quot;iso&quot;:&quot;200&quot;,&quot;shutter_speed&quot;:&quot;0.0015625&quot;,&quot;title&quot;:&quot;&quot;,&quot;orientation&quot;:&quot;0&quot;}\" data-image-title=\"2015-Oktober-19-Myanmar-0132-3-modi(1800&amp;#215;1200)-LR\" data-image-description=\"\" data-image-caption=\"\" data-large-file=\"http:\/\/gdiel.com\/wp-content\/uploads\/2019\/12\/2015-Oktober-19-Myanmar-0132-3-modi1800x1200-LR-1600x1067.jpg\" src=\"http:\/\/gdiel.com\/wp-content\/uploads\/2019\/12\/2015-Oktober-19-Myanmar-0132-3-modi1800x1200-LR-1600x1067.jpg\" alt=\"\" class=\"wp-image-986\" srcset=\"http:\/\/gdiel.com\/wp-content\/uploads\/2019\/12\/2015-Oktober-19-Myanmar-0132-3-modi1800x1200-LR-1600x1067.jpg 1600w, http:\/\/gdiel.com\/wp-content\/uploads\/2019\/12\/2015-Oktober-19-Myanmar-0132-3-modi1800x1200-LR-300x200.jpg 300w, http:\/\/gdiel.com\/wp-content\/uploads\/2019\/12\/2015-Oktober-19-Myanmar-0132-3-modi1800x1200-LR-768x512.jpg 768w, http:\/\/gdiel.com\/wp-content\/uploads\/2019\/12\/2015-Oktober-19-Myanmar-0132-3-modi1800x1200-LR-1536x1024.jpg 1536w, http:\/\/gdiel.com\/wp-content\/uploads\/2019\/12\/2015-Oktober-19-Myanmar-0132-3-modi1800x1200-LR-600x400.jpg 600w, http:\/\/gdiel.com\/wp-content\/uploads\/2019\/12\/2015-Oktober-19-Myanmar-0132-3-modi1800x1200-LR.jpg 1800w\" sizes=\"auto, (max-width: 1600px) 100vw, 1600px\" \/><\/a><\/figure>\n\n\n\n<p class=\"has-medium-font-size\">Fl\u00fcsse<\/p>\n<\/div><\/div>\n\n\n<style>.kadence-column417_b219a0-a0 > .kt-inside-inner-col,.kadence-column417_b219a0-a0 > .kt-inside-inner-col:before{border-top-left-radius:0px;border-top-right-radius:0px;border-bottom-right-radius:0px;border-bottom-left-radius:0px;}.kadence-column417_b219a0-a0 > .kt-inside-inner-col{column-gap:var(--global-kb-gap-sm, 1rem);}.kadence-column417_b219a0-a0 > .kt-inside-inner-col{flex-direction:column;}.kadence-column417_b219a0-a0 > .kt-inside-inner-col > .aligncenter{width:100%;}.kadence-column417_b219a0-a0 > .kt-inside-inner-col:before{opacity:0.3;}.kadence-column417_b219a0-a0{position:relative;}@media all and (max-width: 1024px){.kadence-column417_b219a0-a0 > .kt-inside-inner-col{flex-direction:column;justify-content:center;}}@media all and (max-width: 767px){.kadence-column417_b219a0-a0 > .kt-inside-inner-col{flex-direction:column;justify-content:center;}}<\/style>\n<div class=\"wp-block-kadence-column kadence-column417_b219a0-a0\"><div class=\"kt-inside-inner-col\">\n<figure class=\"wp-block-image size-full\"><a href=\"http:\/\/gdiel.com\/?page_id=1254\"><img loading=\"lazy\" decoding=\"async\" width=\"1600\" height=\"1067\" data-attachment-id=\"1236\" data-permalink=\"http:\/\/gdiel.com\/?attachment_id=1236\" data-orig-file=\"http:\/\/gdiel.com\/wp-content\/uploads\/2019\/12\/2008-Juni-29-Island-1433-modi1600x1067-LR.jpg\" data-orig-size=\"1600,1067\" data-comments-opened=\"0\" data-image-meta=\"{&quot;aperture&quot;:&quot;7.1&quot;,&quot;credit&quot;:&quot;unknown&quot;,&quot;camera&quot;:&quot;Canon EOS 20D&quot;,&quot;caption&quot;:&quot;&quot;,&quot;created_timestamp&quot;:&quot;1214745406&quot;,&quot;copyright&quot;:&quot;Guenter Diel&quot;,&quot;focal_length&quot;:&quot;200&quot;,&quot;iso&quot;:&quot;100&quot;,&quot;shutter_speed&quot;:&quot;0.0025&quot;,&quot;title&quot;:&quot;&quot;,&quot;orientation&quot;:&quot;1&quot;}\" data-image-title=\"2008-Juni-29-Island-1433-modi(1600&amp;#215;1067)-LR\" data-image-description=\"\" data-image-caption=\"\" data-large-file=\"http:\/\/gdiel.com\/wp-content\/uploads\/2019\/12\/2008-Juni-29-Island-1433-modi1600x1067-LR.jpg\" src=\"http:\/\/gdiel.com\/wp-content\/uploads\/2019\/12\/2008-Juni-29-Island-1433-modi1600x1067-LR.jpg\" alt=\"\" class=\"wp-image-1236\" srcset=\"http:\/\/gdiel.com\/wp-content\/uploads\/2019\/12\/2008-Juni-29-Island-1433-modi1600x1067-LR.jpg 1600w, http:\/\/gdiel.com\/wp-content\/uploads\/2019\/12\/2008-Juni-29-Island-1433-modi1600x1067-LR-300x200.jpg 300w, http:\/\/gdiel.com\/wp-content\/uploads\/2019\/12\/2008-Juni-29-Island-1433-modi1600x1067-LR-768x512.jpg 768w, http:\/\/gdiel.com\/wp-content\/uploads\/2019\/12\/2008-Juni-29-Island-1433-modi1600x1067-LR-1536x1024.jpg 1536w, http:\/\/gdiel.com\/wp-content\/uploads\/2019\/12\/2008-Juni-29-Island-1433-modi1600x1067-LR-600x400.jpg 600w\" sizes=\"auto, (max-width: 1600px) 100vw, 1600px\" \/><\/a><\/figure>\n\n\n\n<p class=\"has-medium-font-size\">Berge<\/p>\n<\/div><\/div>\n\n\n<style>.kadence-column417_8fc62d-df > .kt-inside-inner-col,.kadence-column417_8fc62d-df > .kt-inside-inner-col:before{border-top-left-radius:0px;border-top-right-radius:0px;border-bottom-right-radius:0px;border-bottom-left-radius:0px;}.kadence-column417_8fc62d-df > .kt-inside-inner-col{column-gap:var(--global-kb-gap-sm, 1rem);}.kadence-column417_8fc62d-df > .kt-inside-inner-col{flex-direction:column;}.kadence-column417_8fc62d-df > .kt-inside-inner-col > .aligncenter{width:100%;}.kadence-column417_8fc62d-df > .kt-inside-inner-col:before{opacity:0.3;}.kadence-column417_8fc62d-df{position:relative;}@media all and (max-width: 1024px){.kadence-column417_8fc62d-df > .kt-inside-inner-col{flex-direction:column;justify-content:center;}}@media all and (max-width: 767px){.kadence-column417_8fc62d-df > .kt-inside-inner-col{flex-direction:column;justify-content:center;}}<\/style>\n<div class=\"wp-block-kadence-column kadence-column417_8fc62d-df\"><div class=\"kt-inside-inner-col\">\n<figure class=\"wp-block-image size-full\"><a href=\"http:\/\/gdiel.com\/?page_id=1296\"><img loading=\"lazy\" decoding=\"async\" width=\"1599\" height=\"1067\" data-attachment-id=\"839\" data-permalink=\"http:\/\/gdiel.com\/?attachment_id=839\" data-orig-file=\"http:\/\/gdiel.com\/wp-content\/uploads\/2019\/12\/2018-September-12-Aserbaidschan-520-modi1600x1067.jpg\" data-orig-size=\"1599,1067\" data-comments-opened=\"0\" data-image-meta=\"{&quot;aperture&quot;:&quot;16&quot;,&quot;credit&quot;:&quot;Guenter Diel&quot;,&quot;camera&quot;:&quot;ILCE-7RM2&quot;,&quot;caption&quot;:&quot;Schlammvulkane&quot;,&quot;created_timestamp&quot;:&quot;0&quot;,&quot;copyright&quot;:&quot;\\u00a9 Guenter Diel&quot;,&quot;focal_length&quot;:&quot;82&quot;,&quot;iso&quot;:&quot;250&quot;,&quot;shutter_speed&quot;:&quot;0.004&quot;,&quot;title&quot;:&quot;Schlammvulkane&quot;,&quot;orientation&quot;:&quot;1&quot;}\" data-image-title=\"Schlammvulkane\" data-image-description=\"&lt;p&gt;Schlammvulkan, Aserbaidschan 2018&lt;\/p&gt;\n\" data-image-caption=\"&lt;p&gt;Schlammvulkan, Aserbaidschan 2018&lt;\/p&gt;\n\" data-large-file=\"http:\/\/gdiel.com\/wp-content\/uploads\/2019\/12\/2018-September-12-Aserbaidschan-520-modi1600x1067.jpg\" src=\"http:\/\/gdiel.com\/wp-content\/uploads\/2019\/12\/2018-September-12-Aserbaidschan-520-modi1600x1067.jpg\" alt=\"Schlammvulkan, Aserbaidschan 2018\" class=\"wp-image-839\" srcset=\"http:\/\/gdiel.com\/wp-content\/uploads\/2019\/12\/2018-September-12-Aserbaidschan-520-modi1600x1067.jpg 1599w, http:\/\/gdiel.com\/wp-content\/uploads\/2019\/12\/2018-September-12-Aserbaidschan-520-modi1600x1067-300x200.jpg 300w, http:\/\/gdiel.com\/wp-content\/uploads\/2019\/12\/2018-September-12-Aserbaidschan-520-modi1600x1067-768x512.jpg 768w, http:\/\/gdiel.com\/wp-content\/uploads\/2019\/12\/2018-September-12-Aserbaidschan-520-modi1600x1067-1536x1025.jpg 1536w, http:\/\/gdiel.com\/wp-content\/uploads\/2019\/12\/2018-September-12-Aserbaidschan-520-modi1600x1067-600x400.jpg 600w\" sizes=\"auto, (max-width: 1599px) 100vw, 1599px\" \/><\/a><\/figure>\n\n\n\n<p class=\"has-medium-font-size\">Strukturen<\/p>\n<\/div><\/div>\n\n\n<style>.kadence-column417_8540cf-76 > .kt-inside-inner-col,.kadence-column417_8540cf-76 > .kt-inside-inner-col:before{border-top-left-radius:0px;border-top-right-radius:0px;border-bottom-right-radius:0px;border-bottom-left-radius:0px;}.kadence-column417_8540cf-76 > .kt-inside-inner-col{column-gap:var(--global-kb-gap-sm, 1rem);}.kadence-column417_8540cf-76 > .kt-inside-inner-col{flex-direction:column;}.kadence-column417_8540cf-76 > .kt-inside-inner-col > .aligncenter{width:100%;}.kadence-column417_8540cf-76 > .kt-inside-inner-col:before{opacity:0.3;}.kadence-column417_8540cf-76{position:relative;}@media all and (max-width: 1024px){.kadence-column417_8540cf-76 > .kt-inside-inner-col{flex-direction:column;justify-content:center;}}@media all and (max-width: 767px){.kadence-column417_8540cf-76 > .kt-inside-inner-col{flex-direction:column;justify-content:center;}}<\/style>\n<div class=\"wp-block-kadence-column kadence-column417_8540cf-76\"><div class=\"kt-inside-inner-col\">\n<figure class=\"wp-block-image size-full\"><a href=\"http:\/\/gdiel.com\/?page_id=1273\"><img loading=\"lazy\" decoding=\"async\" width=\"1600\" height=\"1067\" data-attachment-id=\"1312\" data-permalink=\"http:\/\/gdiel.com\/?attachment_id=1312\" data-orig-file=\"http:\/\/gdiel.com\/wp-content\/uploads\/2019\/12\/2008-Juni-29-Island-1580-modi1600x1067-BW-LR-2.jpg\" data-orig-size=\"1600,1067\" data-comments-opened=\"0\" data-image-meta=\"{&quot;aperture&quot;:&quot;8&quot;,&quot;credit&quot;:&quot;&quot;,&quot;camera&quot;:&quot;Canon EOS 5D&quot;,&quot;caption&quot;:&quot;Wasserfall Selfoss&quot;,&quot;created_timestamp&quot;:&quot;1214765431&quot;,&quot;copyright&quot;:&quot;Guenter Diel&quot;,&quot;focal_length&quot;:&quot;35&quot;,&quot;iso&quot;:&quot;400&quot;,&quot;shutter_speed&quot;:&quot;0.0015625&quot;,&quot;title&quot;:&quot;Wasserfall Selfoss&quot;,&quot;orientation&quot;:&quot;1&quot;}\" data-image-title=\"Wasserfall Selfoss\" data-image-description=\"&lt;p&gt;Wasserfall Selfoss&lt;\/p&gt;\n\" data-image-caption=\"&lt;p&gt;Wasserfall Selfoss&lt;\/p&gt;\n\" data-large-file=\"http:\/\/gdiel.com\/wp-content\/uploads\/2019\/12\/2008-Juni-29-Island-1580-modi1600x1067-BW-LR-2.jpg\" src=\"http:\/\/gdiel.com\/wp-content\/uploads\/2019\/12\/2008-Juni-29-Island-1580-modi1600x1067-BW-LR-2.jpg\" alt=\"\" class=\"wp-image-1312\" srcset=\"http:\/\/gdiel.com\/wp-content\/uploads\/2019\/12\/2008-Juni-29-Island-1580-modi1600x1067-BW-LR-2.jpg 1600w, http:\/\/gdiel.com\/wp-content\/uploads\/2019\/12\/2008-Juni-29-Island-1580-modi1600x1067-BW-LR-2-300x200.jpg 300w, http:\/\/gdiel.com\/wp-content\/uploads\/2019\/12\/2008-Juni-29-Island-1580-modi1600x1067-BW-LR-2-768x512.jpg 768w, http:\/\/gdiel.com\/wp-content\/uploads\/2019\/12\/2008-Juni-29-Island-1580-modi1600x1067-BW-LR-2-1536x1024.jpg 1536w, http:\/\/gdiel.com\/wp-content\/uploads\/2019\/12\/2008-Juni-29-Island-1580-modi1600x1067-BW-LR-2-600x400.jpg 600w\" sizes=\"auto, (max-width: 1600px) 100vw, 1600px\" \/><\/a><\/figure>\n\n\n\n<p class=\"has-medium-font-size\">Schwarz-Wei\u00df<\/p>\n<\/div><\/div>\n\n<\/div><\/div>\n\n\n\n","protected":false},"excerpt":{"rendered":"<p>W\u00fcste Steppe Meer Seen Fl\u00fcsse Berge Strukturen Schwarz-Wei\u00df<\/p>\n","protected":false},"author":1,"featured_media":0,"parent":433,"menu_order":0,"comment_status":"closed","ping_status":"closed","template":"","meta":{"ngg_post_thumbnail":0,"footnotes":""},"class_list":["post-417","page","type-page","status-publish","hentry"],"jetpack_sharing_enabled":true,"_links":{"self":[{"href":"http:\/\/gdiel.com\/index.php?rest_route=\/wp\/v2\/pages\/417","targetHints":{"allow":["GET"]}}],"collection":[{"href":"http:\/\/gdiel.com\/index.php?rest_route=\/wp\/v2\/pages"}],"about":[{"href":"http:\/\/gdiel.com\/index.php?rest_route=\/wp\/v2\/types\/page"}],"author":[{"embeddable":true,"href":"http:\/\/gdiel.com\/index.php?rest_route=\/wp\/v2\/users\/1"}],"replies":[{"embeddable":true,"href":"http:\/\/gdiel.com\/index.php?rest_route=%2Fwp%2Fv2%2Fcomments&post=417"}],"version-history":[{"count":52,"href":"http:\/\/gdiel.com\/index.php?rest_route=\/wp\/v2\/pages\/417\/revisions"}],"predecessor-version":[{"id":6350,"href":"http:\/\/gdiel.com\/index.php?rest_route=\/wp\/v2\/pages\/417\/revisions\/6350"}],"up":[{"embeddable":true,"href":"http:\/\/gdiel.com\/index.php?rest_route=\/wp\/v2\/pages\/433"}],"wp:attachment":[{"href":"http:\/\/gdiel.com\/index.php?rest_route=%2Fwp%2Fv2%2Fmedia&parent=417"}],"curies":[{"name":"wp","href":"https:\/\/api.w.org\/{rel}","templated":true}]}}